{"id":3407,"date":"2022-07-08T00:30:00","date_gmt":"2022-07-08T06:30:00","guid":{"rendered":"https:\/\/drarenasplasticsurgery.com\/?page_id=3407"},"modified":"2023-09-27T19:00:27","modified_gmt":"2023-09-28T01:00:27","slug":"blog","status":"publish","type":"page","link":"https:\/\/drarenasplasticsurgery.com\/es\/blog\/","title":{"rendered":"Blog"},"content":{"rendered":"\t\t<div data-elementor-type=\"wp-page\" data-elementor-id=\"3407\" class=\"elementor elementor-3407\" data-elementor-post-type=\"page\">\n\t\t\t\t\t\t<section class=\"elementor-section elementor-top-section elementor-element elementor-element-1b10256b elementor-section-boxed elementor-section-height-default elementor-section-height-default\" data-id=\"1b10256b\" data-element_type=\"section\" data-e-type=\"section\">\n\t\t\t\t\t\t<div class=\"elementor-container elementor-column-gap-default\">\n\t\t\t\t\t<div class=\"elementor-column elementor-col-66 elementor-top-column elementor-element elementor-element-5dd5b918\" data-id=\"5dd5b918\" data-element_type=\"column\" data-e-type=\"column\">\n\t\t\t<div class=\"elementor-widget-wrap elementor-element-populated\">\n\t\t\t\t\t\t<div class=\"elementor-element elementor-element-2870ea35 elementor-widget-divider--view-line_text elementor-widget-divider--element-align-right elementor-widget elementor-widget-divider\" data-id=\"2870ea35\" data-element_type=\"widget\" data-e-type=\"widget\" data-widget_type=\"divider.default\">\n\t\t\t\t<div class=\"elementor-widget-container\">\n\t\t\t\t\t\t\t<div class=\"elementor-divider\">\n\t\t\t<span class=\"elementor-divider-separator\">\n\t\t\t\t\t\t\t<span class=\"elementor-divider__text elementor-divider__element\">\n\t\t\t\tNoticias \/ Blogs\t\t\t\t<\/span>\n\t\t\t\t\t\t<\/span>\n\t\t<\/div>\n\t\t\t\t\t\t<\/div>\n\t\t\t\t<\/div>\n\t\t\t\t<div class=\"elementor-element elementor-element-12654cd7 elementor-widget elementor-widget-heading\" data-id=\"12654cd7\" data-element_type=\"widget\" data-e-type=\"widget\" data-widget_type=\"heading.default\">\n\t\t\t\t<div class=\"elementor-widget-container\">\n\t\t\t\t\t<h2 class=\"elementor-heading-title elementor-size-default\">Blogs recientes<\/h2>\t\t\t\t<\/div>\n\t\t\t\t<\/div>\n\t\t\t\t<div class=\"elementor-element elementor-element-e2ad3eb elementor-grid-3 elementor-grid-tablet-2 elementor-grid-mobile-1 elementor-posts--thumbnail-top elementor-card-shadow-yes elementor-posts__hover-gradient elementor-widget elementor-widget-posts\" data-id=\"e2ad3eb\" data-element_type=\"widget\" data-e-type=\"widget\" data-settings=\"{&quot;pagination_type&quot;:&quot;numbers&quot;,&quot;cards_columns&quot;:&quot;3&quot;,&quot;cards_columns_tablet&quot;:&quot;2&quot;,&quot;cards_columns_mobile&quot;:&quot;1&quot;,&quot;cards_row_gap&quot;:{&quot;unit&quot;:&quot;px&quot;,&quot;size&quot;:35,&quot;sizes&quot;:[]},&quot;cards_row_gap_tablet&quot;:{&quot;unit&quot;:&quot;px&quot;,&quot;size&quot;:&quot;&quot;,&quot;sizes&quot;:[]},&quot;cards_row_gap_mobile&quot;:{&quot;unit&quot;:&quot;px&quot;,&quot;size&quot;:&quot;&quot;,&quot;sizes&quot;:[]}}\" data-widget_type=\"posts.cards\">\n\t\t\t\t<div class=\"elementor-widget-container\">\n\t\t\t\t\t\t\t<div class=\"elementor-posts-container elementor-posts elementor-posts--skin-cards elementor-grid\" role=\"list\">\n\t\t\t\t<article class=\"elementor-post elementor-grid-item post-5218 post type-post status-publish format-standard has-post-thumbnail hentry category-aumento-de-senos category-pechos tag-armonia tag-aumento tag-aumento-mamario tag-cuerpo tag-dr-rafael-arenas-es tag-mamas tag-pechos tag-senos tag-silueta\" role=\"listitem\">\n\t\t\t<div class=\"elementor-post__card\">\n\t\t\t\t<a class=\"elementor-post__thumbnail__link\" href=\"https:\/\/drarenasplasticsurgery.com\/es\/la-transformacion-perfecta-aumento-de-senos-en-guadalajara\/\" tabindex=\"-1\" ><div class=\"elementor-post__thumbnail\"><img fetchpriority=\"high\" decoding=\"async\" width=\"300\" height=\"169\" src=\"https:\/\/drarenasplasticsurgery.com\/wp-content\/uploads\/2024\/01\/Aumento-de-senos-en-Guadalajara-300x169.jpg\" class=\"attachment-medium size-medium wp-image-5220\" alt=\"Aumento de senos en Guadalajara\" srcset=\"https:\/\/drarenasplasticsurgery.com\/wp-content\/uploads\/2024\/01\/Aumento-de-senos-en-Guadalajara-300x169.jpg 300w, https:\/\/drarenasplasticsurgery.com\/wp-content\/uploads\/2024\/01\/Aumento-de-senos-en-Guadalajara-1024x576.jpg 1024w, https:\/\/drarenasplasticsurgery.com\/wp-content\/uploads\/2024\/01\/Aumento-de-senos-en-Guadalajara-768x432.jpg 768w, https:\/\/drarenasplasticsurgery.com\/wp-content\/uploads\/2024\/01\/Aumento-de-senos-en-Guadalajara-1536x864.jpg 1536w, https:\/\/drarenasplasticsurgery.com\/wp-content\/uploads\/2024\/01\/Aumento-de-senos-en-Guadalajara.jpg 1920w\" sizes=\"(max-width: 300px) 100vw, 300px\" \/><\/div><\/a>\n\t\t\t\t<div class=\"elementor-post__badge\">Aumento de senos<\/div>\n\t\t\t\t<div class=\"elementor-post__text\">\n\t\t\t\t<h3 class=\"elementor-post__title\">\n\t\t\t<a href=\"https:\/\/drarenasplasticsurgery.com\/es\/la-transformacion-perfecta-aumento-de-senos-en-guadalajara\/\" >\n\t\t\t\tDescubre la Transformaci\u00f3n Perfecta: Aumento de Senos en Guadalajara con el Dr. Rafael Arenas\t\t\t<\/a>\n\t\t<\/h3>\n\t\t\t\t<div class=\"elementor-post__excerpt\">\n\t\t\t\t\t<\/div>\n\t\t\n\t\t<a class=\"elementor-post__read-more\" href=\"https:\/\/drarenasplasticsurgery.com\/es\/la-transformacion-perfecta-aumento-de-senos-en-guadalajara\/\" aria-label=\"M\u00e1s informaci\u00f3n sobre Descubre la Transformaci\u00f3n Perfecta: Aumento de Senos en Guadalajara con el Dr. Rafael Arenas\" tabindex=\"-1\" >\n\t\t\tVer m\u00e1s\t\t<\/a>\n\n\t\t\t\t<\/div>\n\t\t\t\t\t<\/div>\n\t\t<\/article>\n\t\t\t\t<article class=\"elementor-post elementor-grid-item post-5187 post type-post status-publish format-standard has-post-thumbnail hentry category-guadalajara category-procedimientos-corporales\" role=\"listitem\">\n\t\t\t<div class=\"elementor-post__card\">\n\t\t\t\t<a class=\"elementor-post__thumbnail__link\" href=\"https:\/\/drarenasplasticsurgery.com\/es\/cirugia-estetica-despues-del-embarazo-en-guadalajara\/\" tabindex=\"-1\" ><div class=\"elementor-post__thumbnail\"><img decoding=\"async\" width=\"300\" height=\"169\" src=\"https:\/\/drarenasplasticsurgery.com\/wp-content\/uploads\/2024\/01\/Cirugia-Estetica-despues-del-Embarazo-en-Guadalajara-300x169.jpg\" class=\"attachment-medium size-medium wp-image-5189\" alt=\"Cirug\u00eda Est\u00e9tica despu\u00e9s del Embarazo en Guadalajara\" srcset=\"https:\/\/drarenasplasticsurgery.com\/wp-content\/uploads\/2024\/01\/Cirugia-Estetica-despues-del-Embarazo-en-Guadalajara-300x169.jpg 300w, https:\/\/drarenasplasticsurgery.com\/wp-content\/uploads\/2024\/01\/Cirugia-Estetica-despues-del-Embarazo-en-Guadalajara-1024x576.jpg 1024w, https:\/\/drarenasplasticsurgery.com\/wp-content\/uploads\/2024\/01\/Cirugia-Estetica-despues-del-Embarazo-en-Guadalajara-768x432.jpg 768w, https:\/\/drarenasplasticsurgery.com\/wp-content\/uploads\/2024\/01\/Cirugia-Estetica-despues-del-Embarazo-en-Guadalajara-1536x864.jpg 1536w, https:\/\/drarenasplasticsurgery.com\/wp-content\/uploads\/2024\/01\/Cirugia-Estetica-despues-del-Embarazo-en-Guadalajara.jpg 1920w\" sizes=\"(max-width: 300px) 100vw, 300px\" \/><\/div><\/a>\n\t\t\t\t<div class=\"elementor-post__badge\">Guadalajara<\/div>\n\t\t\t\t<div class=\"elementor-post__text\">\n\t\t\t\t<h3 class=\"elementor-post__title\">\n\t\t\t<a href=\"https:\/\/drarenasplasticsurgery.com\/es\/cirugia-estetica-despues-del-embarazo-en-guadalajara\/\" >\n\t\t\t\tRecupera tu Confianza: Cirug\u00eda Est\u00e9tica despu\u00e9s del Embarazo en Guadalajara con el Dr. Rafael Arenas\t\t\t<\/a>\n\t\t<\/h3>\n\t\t\t\t<div class=\"elementor-post__excerpt\">\n\t\t\t\t\t<\/div>\n\t\t\n\t\t<a class=\"elementor-post__read-more\" href=\"https:\/\/drarenasplasticsurgery.com\/es\/cirugia-estetica-despues-del-embarazo-en-guadalajara\/\" aria-label=\"M\u00e1s informaci\u00f3n sobre Recupera tu Confianza: Cirug\u00eda Est\u00e9tica despu\u00e9s del Embarazo en Guadalajara con el Dr. Rafael Arenas\" tabindex=\"-1\" >\n\t\t\tVer m\u00e1s\t\t<\/a>\n\n\t\t\t\t<\/div>\n\t\t\t\t\t<\/div>\n\t\t<\/article>\n\t\t\t\t<article class=\"elementor-post elementor-grid-item post-5136 post type-post status-publish format-standard has-post-thumbnail hentry category-abdomen category-liposuccion tag-abdomen tag-cuerpo tag-dr-rafael-arenas-es tag-ejercicio tag-firmeza tag-fit tag-guadalajara tag-liposuccion tag-mujer tag-saludable\" role=\"listitem\">\n\t\t\t<div class=\"elementor-post__card\">\n\t\t\t\t<a class=\"elementor-post__thumbnail__link\" href=\"https:\/\/drarenasplasticsurgery.com\/es\/especialista-en-liposuccion-en-guadalajara\/\" tabindex=\"-1\" ><div class=\"elementor-post__thumbnail\"><img decoding=\"async\" width=\"300\" height=\"169\" src=\"https:\/\/drarenasplasticsurgery.com\/wp-content\/uploads\/2024\/01\/Liposuccion-en-Guadalajara-300x169.jpg\" class=\"attachment-medium size-medium wp-image-5160\" alt=\"Liposucci\u00f3n en Guadalajara\" srcset=\"https:\/\/drarenasplasticsurgery.com\/wp-content\/uploads\/2024\/01\/Liposuccion-en-Guadalajara-300x169.jpg 300w, https:\/\/drarenasplasticsurgery.com\/wp-content\/uploads\/2024\/01\/Liposuccion-en-Guadalajara-768x432.jpg 768w, https:\/\/drarenasplasticsurgery.com\/wp-content\/uploads\/2024\/01\/Liposuccion-en-Guadalajara.jpg 960w\" sizes=\"(max-width: 300px) 100vw, 300px\" \/><\/div><\/a>\n\t\t\t\t<div class=\"elementor-post__badge\">Abdomen<\/div>\n\t\t\t\t<div class=\"elementor-post__text\">\n\t\t\t\t<h3 class=\"elementor-post__title\">\n\t\t\t<a href=\"https:\/\/drarenasplasticsurgery.com\/es\/especialista-en-liposuccion-en-guadalajara\/\" >\n\t\t\t\tTransformaci\u00f3n Corporal con el Especialista en Liposucci\u00f3n en Guadalajara\t\t\t<\/a>\n\t\t<\/h3>\n\t\t\t\t<div class=\"elementor-post__excerpt\">\n\t\t\t\t\t<\/div>\n\t\t\n\t\t<a class=\"elementor-post__read-more\" href=\"https:\/\/drarenasplasticsurgery.com\/es\/especialista-en-liposuccion-en-guadalajara\/\" aria-label=\"M\u00e1s informaci\u00f3n sobre Transformaci\u00f3n Corporal con el Especialista en Liposucci\u00f3n en Guadalajara\" tabindex=\"-1\" >\n\t\t\tVer m\u00e1s\t\t<\/a>\n\n\t\t\t\t<\/div>\n\t\t\t\t\t<\/div>\n\t\t<\/article>\n\t\t\t\t<article class=\"elementor-post elementor-grid-item post-5109 post type-post status-publish format-standard has-post-thumbnail hentry category-cirujano-plastico\" role=\"listitem\">\n\t\t\t<div class=\"elementor-post__card\">\n\t\t\t\t<a class=\"elementor-post__thumbnail__link\" href=\"https:\/\/drarenasplasticsurgery.com\/es\/what-to-expect-at-your-cosmetic-surgery-consultation\/\" tabindex=\"-1\" ><div class=\"elementor-post__thumbnail\"><img loading=\"lazy\" decoding=\"async\" width=\"300\" height=\"300\" src=\"https:\/\/drarenasplasticsurgery.com\/wp-content\/uploads\/2024\/01\/imagen_2024-01-17_225638949-300x300.png\" class=\"attachment-medium size-medium wp-image-5119\" alt=\"\" srcset=\"https:\/\/drarenasplasticsurgery.com\/wp-content\/uploads\/2024\/01\/imagen_2024-01-17_225638949-300x300.png 300w, https:\/\/drarenasplasticsurgery.com\/wp-content\/uploads\/2024\/01\/imagen_2024-01-17_225638949-150x150.png 150w, https:\/\/drarenasplasticsurgery.com\/wp-content\/uploads\/2024\/01\/imagen_2024-01-17_225638949-768x768.png 768w, https:\/\/drarenasplasticsurgery.com\/wp-content\/uploads\/2024\/01\/imagen_2024-01-17_225638949-500x500.png 500w, https:\/\/drarenasplasticsurgery.com\/wp-content\/uploads\/2024\/01\/imagen_2024-01-17_225638949.png 958w\" sizes=\"(max-width: 300px) 100vw, 300px\" \/><\/div><\/a>\n\t\t\t\t<div class=\"elementor-post__badge\">Cirujano Pl\u00e1stico<\/div>\n\t\t\t\t<div class=\"elementor-post__text\">\n\t\t\t\t<h3 class=\"elementor-post__title\">\n\t\t\t<a href=\"https:\/\/drarenasplasticsurgery.com\/es\/what-to-expect-at-your-cosmetic-surgery-consultation\/\" >\n\t\t\t\tWhat to expect at your cosmetic surgery consultation\t\t\t<\/a>\n\t\t<\/h3>\n\t\t\t\t<div class=\"elementor-post__excerpt\">\n\t\t\t\t\t<\/div>\n\t\t\n\t\t<a class=\"elementor-post__read-more\" href=\"https:\/\/drarenasplasticsurgery.com\/es\/what-to-expect-at-your-cosmetic-surgery-consultation\/\" aria-label=\"M\u00e1s informaci\u00f3n sobre What to expect at your cosmetic surgery consultation\" tabindex=\"-1\" >\n\t\t\tVer m\u00e1s\t\t<\/a>\n\n\t\t\t\t<\/div>\n\t\t\t\t\t<\/div>\n\t\t<\/article>\n\t\t\t\t<article class=\"elementor-post elementor-grid-item post-4833 post type-post status-publish format-standard has-post-thumbnail hentry category-gluteos category-guadalajara tag-cuerpo tag-figura tag-gluteos tag-guadalajara tag-mexico tag-mujer tag-transferencia-de-grasa-a-los-gluteos\" role=\"listitem\">\n\t\t\t<div class=\"elementor-post__card\">\n\t\t\t\t<a class=\"elementor-post__thumbnail__link\" href=\"https:\/\/drarenasplasticsurgery.com\/es\/transferencia-de-grasa-a-los-gluteos-en-guadalajara\/\" tabindex=\"-1\" ><div class=\"elementor-post__thumbnail\"><img loading=\"lazy\" decoding=\"async\" width=\"300\" height=\"169\" src=\"https:\/\/drarenasplasticsurgery.com\/wp-content\/uploads\/2023\/09\/Infiltracion-300x169.jpg\" class=\"attachment-medium size-medium wp-image-4836\" alt=\"Resultados Incre\u00edbles en la Transferencia de Grasa a los Gl\u00fateos en guadalajara\" srcset=\"https:\/\/drarenasplasticsurgery.com\/wp-content\/uploads\/2023\/09\/Infiltracion-300x169.jpg 300w, https:\/\/drarenasplasticsurgery.com\/wp-content\/uploads\/2023\/09\/Infiltracion-1024x576.jpg 1024w, https:\/\/drarenasplasticsurgery.com\/wp-content\/uploads\/2023\/09\/Infiltracion-768x432.jpg 768w, https:\/\/drarenasplasticsurgery.com\/wp-content\/uploads\/2023\/09\/Infiltracion.jpg 1366w\" sizes=\"(max-width: 300px) 100vw, 300px\" \/><\/div><\/a>\n\t\t\t\t<div class=\"elementor-post__badge\">Gl\u00fateos<\/div>\n\t\t\t\t<div class=\"elementor-post__text\">\n\t\t\t\t<h3 class=\"elementor-post__title\">\n\t\t\t<a href=\"https:\/\/drarenasplasticsurgery.com\/es\/transferencia-de-grasa-a-los-gluteos-en-guadalajara\/\" >\n\t\t\t\tResultados Incre\u00edbles en la Transferencia de Grasa a los Gl\u00fateos en Guadalajara\t\t\t<\/a>\n\t\t<\/h3>\n\t\t\t\t<div class=\"elementor-post__excerpt\">\n\t\t\t\t\t<\/div>\n\t\t\n\t\t<a class=\"elementor-post__read-more\" href=\"https:\/\/drarenasplasticsurgery.com\/es\/transferencia-de-grasa-a-los-gluteos-en-guadalajara\/\" aria-label=\"M\u00e1s informaci\u00f3n sobre Resultados Incre\u00edbles en la Transferencia de Grasa a los Gl\u00fateos en Guadalajara\" tabindex=\"-1\" >\n\t\t\tVer m\u00e1s\t\t<\/a>\n\n\t\t\t\t<\/div>\n\t\t\t\t\t<\/div>\n\t\t<\/article>\n\t\t\t\t<article class=\"elementor-post elementor-grid-item post-4824 post type-post status-publish format-standard has-post-thumbnail hentry category-cirujano-plastico category-mexico tag-cirujano-plastico tag-cirujano-plastico-certificado tag-dr-arenas tag-guadalajara tag-mexico tag-rafael-arenas\" role=\"listitem\">\n\t\t\t<div class=\"elementor-post__card\">\n\t\t\t\t<a class=\"elementor-post__thumbnail__link\" href=\"https:\/\/drarenasplasticsurgery.com\/es\/cirujanos-plasticos-en-mexico-con-los-mejores-resultados\/\" tabindex=\"-1\" ><div class=\"elementor-post__thumbnail\"><img loading=\"lazy\" decoding=\"async\" width=\"300\" height=\"114\" src=\"https:\/\/drarenasplasticsurgery.com\/wp-content\/uploads\/2023\/09\/71498231_2425775337663211_115209671626719232_n-300x114.jpg\" class=\"attachment-medium size-medium wp-image-4826\" alt=\"Cirujanos Pl\u00e1sticos en M\u00e9xico con los Mejores Resultados\" srcset=\"https:\/\/drarenasplasticsurgery.com\/wp-content\/uploads\/2023\/09\/71498231_2425775337663211_115209671626719232_n-300x114.jpg 300w, https:\/\/drarenasplasticsurgery.com\/wp-content\/uploads\/2023\/09\/71498231_2425775337663211_115209671626719232_n-768x292.jpg 768w, https:\/\/drarenasplasticsurgery.com\/wp-content\/uploads\/2023\/09\/71498231_2425775337663211_115209671626719232_n.jpg 828w\" sizes=\"(max-width: 300px) 100vw, 300px\" \/><\/div><\/a>\n\t\t\t\t<div class=\"elementor-post__badge\">Cirujano Pl\u00e1stico<\/div>\n\t\t\t\t<div class=\"elementor-post__text\">\n\t\t\t\t<h3 class=\"elementor-post__title\">\n\t\t\t<a href=\"https:\/\/drarenasplasticsurgery.com\/es\/cirujanos-plasticos-en-mexico-con-los-mejores-resultados\/\" >\n\t\t\t\tLogra la Mejor Versi\u00f3n de Ti Mismo: Cirujanos Pl\u00e1sticos en M\u00e9xico con los Mejores Resultados, Dr. Rafael Arenas\t\t\t<\/a>\n\t\t<\/h3>\n\t\t\t\t<div class=\"elementor-post__excerpt\">\n\t\t\t\t\t<\/div>\n\t\t\n\t\t<a class=\"elementor-post__read-more\" href=\"https:\/\/drarenasplasticsurgery.com\/es\/cirujanos-plasticos-en-mexico-con-los-mejores-resultados\/\" aria-label=\"M\u00e1s informaci\u00f3n sobre Logra la Mejor Versi\u00f3n de Ti Mismo: Cirujanos Pl\u00e1sticos en M\u00e9xico con los Mejores Resultados, Dr. Rafael Arenas\" tabindex=\"-1\" >\n\t\t\tVer m\u00e1s\t\t<\/a>\n\n\t\t\t\t<\/div>\n\t\t\t\t\t<\/div>\n\t\t<\/article>\n\t\t\t\t<\/div>\n\t\t\n\t\t\t\t<div class=\"e-load-more-anchor\" data-page=\"1\" data-max-page=\"2\" data-next-page=\"https:\/\/drarenasplasticsurgery.com\/es\/wp-json\/wp\/v2\/pages\/3407\/page\/2\/\"><\/div>\n\t\t\t\t<nav class=\"elementor-pagination\" aria-label=\"Paginaci\u00f3n\">\n\t\t\t<span aria-current=\"page\" class=\"page-numbers current\"><span class=\"elementor-screen-only\">P\u00e1gina<\/span>1<\/span>\n<a class=\"page-numbers\" href=\"https:\/\/drarenasplasticsurgery.com\/es\/wp-json\/wp\/v2\/pages\/3407\/page\/2\/\"><span class=\"elementor-screen-only\">P\u00e1gina<\/span>2<\/a>\t\t<\/nav>\n\t\t\t\t\t\t<\/div>\n\t\t\t\t<\/div>\n\t\t\t\t\t<\/div>\n\t\t<\/div>\n\t\t\t\t<div class=\"elementor-column elementor-col-33 elementor-top-column elementor-element elementor-element-4a004b02\" data-id=\"4a004b02\" data-element_type=\"column\" data-e-type=\"column\">\n\t\t\t<div class=\"elementor-widget-wrap elementor-element-populated\">\n\t\t\t\t\t\t<div class=\"elementor-element elementor-element-336c4fc elementor-hidden-tablet elementor-hidden-phone elementor-widget__width-initial elementor-widget elementor-widget-image\" data-id=\"336c4fc\" data-element_type=\"widget\" data-e-type=\"widget\" data-widget_type=\"image.default\">\n\t\t\t\t<div class=\"elementor-widget-container\">\n\t\t\t\t\t\t\t\t\t\t\t\t\t\t\t<img loading=\"lazy\" decoding=\"async\" width=\"600\" height=\"632\" src=\"https:\/\/drarenasplasticsurgery.com\/wp-content\/uploads\/2022\/07\/aumento_De_busto_monterrey_.jpg\" class=\"attachment-full size-full wp-image-691\" alt=\"\" srcset=\"https:\/\/drarenasplasticsurgery.com\/wp-content\/uploads\/2022\/07\/aumento_De_busto_monterrey_.jpg 600w, https:\/\/drarenasplasticsurgery.com\/wp-content\/uploads\/2022\/07\/aumento_De_busto_monterrey_-285x300.jpg 285w\" sizes=\"(max-width: 600px) 100vw, 600px\" \/>\t\t\t\t\t\t\t\t\t\t\t\t\t\t\t<\/div>\n\t\t\t\t<\/div>\n\t\t\t\t<div class=\"elementor-element elementor-element-d60c2d elementor-widget__width-initial elementor-widget elementor-widget-heading\" data-id=\"d60c2d\" data-element_type=\"widget\" data-e-type=\"widget\" data-widget_type=\"heading.default\">\n\t\t\t\t<div class=\"elementor-widget-container\">\n\t\t\t\t\t<h4 class=\"elementor-heading-title elementor-size-default\">Redes sociales<\/h4>\t\t\t\t<\/div>\n\t\t\t\t<\/div>\n\t\t\t\t<div class=\"elementor-element elementor-element-c5f3528 elementor-widget elementor-widget-spacer\" data-id=\"c5f3528\" data-element_type=\"widget\" data-e-type=\"widget\" data-widget_type=\"spacer.default\">\n\t\t\t\t<div class=\"elementor-widget-container\">\n\t\t\t\t\t\t\t<div class=\"elementor-spacer\">\n\t\t\t<div class=\"elementor-spacer-inner\"><\/div>\n\t\t<\/div>\n\t\t\t\t\t\t<\/div>\n\t\t\t\t<\/div>\n\t\t\t\t<div class=\"elementor-element elementor-element-e1f2e7b e-grid-align-left elementor-shape-rounded elementor-grid-0 elementor-widget elementor-widget-social-icons\" data-id=\"e1f2e7b\" data-element_type=\"widget\" data-e-type=\"widget\" data-widget_type=\"social-icons.default\">\n\t\t\t\t<div class=\"elementor-widget-container\">\n\t\t\t\t\t\t\t<div class=\"elementor-social-icons-wrapper elementor-grid\" role=\"list\">\n\t\t\t\t\t\t\t<span class=\"elementor-grid-item\" role=\"listitem\">\n\t\t\t\t\t<a class=\"elementor-icon elementor-social-icon elementor-social-icon-facebook elementor-repeater-item-f86967d\" href=\"https:\/\/www.facebook.com\/Dr.RafaelArenas\/\" target=\"_blank\">\n\t\t\t\t\t\t<span class=\"elementor-screen-only\">Facebook<\/span>\n\t\t\t\t\t\t<i aria-hidden=\"true\" class=\"fab fa-facebook\"><\/i>\t\t\t\t\t<\/a>\n\t\t\t\t<\/span>\n\t\t\t\t\t\t\t<span class=\"elementor-grid-item\" role=\"listitem\">\n\t\t\t\t\t<a class=\"elementor-icon elementor-social-icon elementor-social-icon-twitter elementor-repeater-item-80bcb53\" href=\"https:\/\/twitter.com\/DrRafaelArenas\" target=\"_blank\">\n\t\t\t\t\t\t<span class=\"elementor-screen-only\">Twitter<\/span>\n\t\t\t\t\t\t<i aria-hidden=\"true\" class=\"fab fa-twitter\"><\/i>\t\t\t\t\t<\/a>\n\t\t\t\t<\/span>\n\t\t\t\t\t\t\t<span class=\"elementor-grid-item\" role=\"listitem\">\n\t\t\t\t\t<a class=\"elementor-icon elementor-social-icon elementor-social-icon-youtube elementor-repeater-item-cba94b6\" href=\"https:\/\/www.youtube.com\/channel\/UC942_RE98C0nT2qxZDtKmbQ\" target=\"_blank\">\n\t\t\t\t\t\t<span class=\"elementor-screen-only\">Youtube<\/span>\n\t\t\t\t\t\t<i aria-hidden=\"true\" class=\"fab fa-youtube\"><\/i>\t\t\t\t\t<\/a>\n\t\t\t\t<\/span>\n\t\t\t\t\t\t\t<span class=\"elementor-grid-item\" role=\"listitem\">\n\t\t\t\t\t<a class=\"elementor-icon elementor-social-icon elementor-social-icon-instagram elementor-repeater-item-e3d0ffd\" href=\"https:\/\/www.instagram.com\/Dr.RafaelArenas\/\" target=\"_blank\">\n\t\t\t\t\t\t<span class=\"elementor-screen-only\">Instagram<\/span>\n\t\t\t\t\t\t<i aria-hidden=\"true\" class=\"fab fa-instagram\"><\/i>\t\t\t\t\t<\/a>\n\t\t\t\t<\/span>\n\t\t\t\t\t<\/div>\n\t\t\t\t\t\t<\/div>\n\t\t\t\t<\/div>\n\t\t\t\t<section class=\"elementor-section elementor-inner-section elementor-element elementor-element-5551f0a6 elementor-section-boxed elementor-section-height-default elementor-section-height-default\" data-id=\"5551f0a6\" data-element_type=\"section\" data-e-type=\"section\" data-settings=\"{&quot;background_background&quot;:&quot;classic&quot;}\">\n\t\t\t\t\t\t<div class=\"elementor-container elementor-column-gap-default\">\n\t\t\t\t\t<div class=\"elementor-column elementor-col-100 elementor-inner-column elementor-element elementor-element-107fcf41\" data-id=\"107fcf41\" data-element_type=\"column\" data-e-type=\"column\">\n\t\t\t<div class=\"elementor-widget-wrap elementor-element-populated\">\n\t\t\t\t\t\t<div class=\"elementor-element elementor-element-7ff8883b elementor-widget-divider--view-line_text elementor-widget-divider--element-align-right elementor-widget elementor-widget-divider\" data-id=\"7ff8883b\" data-element_type=\"widget\" data-e-type=\"widget\" data-widget_type=\"divider.default\">\n\t\t\t\t<div class=\"elementor-widget-container\">\n\t\t\t\t\t\t\t<div class=\"elementor-divider\">\n\t\t\t<span class=\"elementor-divider-separator\">\n\t\t\t\t\t\t\t<span class=\"elementor-divider__text elementor-divider__element\">\n\t\t\t\tPonte al tanto\t\t\t\t<\/span>\n\t\t\t\t\t\t<\/span>\n\t\t<\/div>\n\t\t\t\t\t\t<\/div>\n\t\t\t\t<\/div>\n\t\t\t\t<div class=\"elementor-element elementor-element-350ee390 elementor-widget elementor-widget-heading\" data-id=\"350ee390\" data-element_type=\"widget\" data-e-type=\"widget\" data-widget_type=\"heading.default\">\n\t\t\t\t<div class=\"elementor-widget-container\">\n\t\t\t\t\t<h3 class=\"elementor-heading-title elementor-size-default\">Suscr\u00edbete a nuestro bolet\u00edn <\/h3>\t\t\t\t<\/div>\n\t\t\t\t<\/div>\n\t\t\t\t<div class=\"elementor-element elementor-element-2cf4e30a elementor-widget elementor-widget-text-editor\" data-id=\"2cf4e30a\" data-element_type=\"widget\" data-e-type=\"widget\" data-widget_type=\"text-editor.default\">\n\t\t\t\t<div class=\"elementor-widget-container\">\n\t\t\t\t\t\t\t\t\t<p>Sin spam, notificaciones solo sobre nuevos productos, actualizaciones.<\/p>\t\t\t\t\t\t\t\t<\/div>\n\t\t\t\t<\/div>\n\t\t\t\t<div class=\"elementor-element elementor-element-76c68de9 elementor-button-align-stretch elementor-widget elementor-widget-form\" data-id=\"76c68de9\" data-element_type=\"widget\" data-e-type=\"widget\" data-settings=\"{&quot;step_next_label&quot;:&quot;Siguiente&quot;,&quot;step_previous_label&quot;:&quot;Anterior&quot;,&quot;button_width&quot;:&quot;100&quot;,&quot;step_type&quot;:&quot;number_text&quot;,&quot;step_icon_shape&quot;:&quot;circle&quot;}\" data-widget_type=\"form.default\">\n\t\t\t\t<div class=\"elementor-widget-container\">\n\t\t\t\t\t\t\t<form class=\"elementor-form\" method=\"post\" name=\"New Form\" aria-label=\"New Form\">\n\t\t\t<input type=\"hidden\" name=\"post_id\" value=\"3407\"\/>\n\t\t\t<input type=\"hidden\" name=\"form_id\" value=\"76c68de9\"\/>\n\t\t\t<input type=\"hidden\" name=\"referer_title\" value=\"\" \/>\n\n\t\t\t\n\t\t\t<div class=\"elementor-form-fields-wrapper elementor-labels-\">\n\t\t\t\t\t\t\t\t<div class=\"elementor-field-type-email elementor-field-group elementor-column elementor-field-group-email elementor-col-100 elementor-field-required\">\n\t\t\t\t\t\t\t\t\t\t\t\t<label for=\"form-field-email\" class=\"elementor-field-label elementor-screen-only\">\n\t\t\t\t\t\t\t\tEmail \t\t\t\t\t\t\t<\/label>\n\t\t\t\t\t\t\t\t\t\t\t\t\t\t<input size=\"1\" type=\"email\" name=\"form_fields[email]\" id=\"form-field-email\" class=\"elementor-field elementor-size-sm  elementor-field-textual\" placeholder=\"Email \" required=\"required\">\n\t\t\t\t\t\t\t\t\t\t\t<\/div>\n\t\t\t\t\t\t\t\t<div class=\"elementor-field-group elementor-column elementor-field-type-submit elementor-col-100 e-form__buttons\">\n\t\t\t\t\t<button class=\"elementor-button elementor-size-sm\" type=\"submit\">\n\t\t\t\t\t\t<span class=\"elementor-button-content-wrapper\">\n\t\t\t\t\t\t\t\t\t\t\t\t\t\t\t\t\t\t\t\t\t\t<span class=\"elementor-button-text\">Suscr\u00edbete <\/span>\n\t\t\t\t\t\t\t\t\t\t\t\t\t<\/span>\n\t\t\t\t\t<\/button>\n\t\t\t\t<\/div>\n\t\t\t<\/div>\n\t\t<\/form>\n\t\t\t\t\t\t<\/div>\n\t\t\t\t<\/div>\n\t\t\t\t\t<\/div>\n\t\t<\/div>\n\t\t\t\t\t<\/div>\n\t\t<\/section>\n\t\t\t\t\t<\/div>\n\t\t<\/div>\n\t\t\t\t\t<\/div>\n\t\t<\/section>\n\t\t\t\t<\/div>\n\t\t","protected":false},"excerpt":{"rendered":"<p>Noticias \/ Blogs Blogs recientes Redes sociales Facebook Twitter Youtube Instagram Ponte al tanto Suscr\u00edbete a nuestro bolet\u00edn Sin spam, notificaciones solo sobre nuevos productos, actualizaciones.<\/p>\n","protected":false},"author":1,"featured_media":0,"parent":0,"menu_order":0,"comment_status":"closed","ping_status":"closed","template":"full-width.php","meta":{"_acf_changed":false,"footnotes":""},"class_list":["post-3407","page","type-page","status-publish","hentry"],"acf":[],"_links":{"self":[{"href":"https:\/\/drarenasplasticsurgery.com\/es\/wp-json\/wp\/v2\/pages\/3407","targetHints":{"allow":["GET"]}}],"collection":[{"href":"https:\/\/drarenasplasticsurgery.com\/es\/wp-json\/wp\/v2\/pages"}],"about":[{"href":"https:\/\/drarenasplasticsurgery.com\/es\/wp-json\/wp\/v2\/types\/page"}],"author":[{"embeddable":true,"href":"https:\/\/drarenasplasticsurgery.com\/es\/wp-json\/wp\/v2\/users\/1"}],"replies":[{"embeddable":true,"href":"https:\/\/drarenasplasticsurgery.com\/es\/wp-json\/wp\/v2\/comments?post=3407"}],"version-history":[{"count":13,"href":"https:\/\/drarenasplasticsurgery.com\/es\/wp-json\/wp\/v2\/pages\/3407\/revisions"}],"predecessor-version":[{"id":4908,"href":"https:\/\/drarenasplasticsurgery.com\/es\/wp-json\/wp\/v2\/pages\/3407\/revisions\/4908"}],"wp:attachment":[{"href":"https:\/\/drarenasplasticsurgery.com\/es\/wp-json\/wp\/v2\/media?parent=3407"}],"curies":[{"name":"wp","href":"https:\/\/api.w.org\/{rel}","templated":true}]}}