{"id":4998,"date":"2024-01-06T17:58:25","date_gmt":"2024-01-06T23:58:25","guid":{"rendered":"https:\/\/drarenasplasticsurgery.com\/?page_id=4998"},"modified":"2024-01-11T21:42:40","modified_gmt":"2024-01-12T03:42:40","slug":"privacy-policy-plastic-surgery-in-guadalajara","status":"publish","type":"page","link":"https:\/\/drarenasplasticsurgery.com\/es\/privacy-policy-plastic-surgery-in-guadalajara\/","title":{"rendered":"AVISO DE PRIVACIDAD CIRUGIA PLASTICA GUADALAJARA"},"content":{"rendered":"<p>SU PRIVACIDAD ES IMPORTANTE PARA NOSOTROS<\/p>\n<p><strong>Tu consentimiento<\/strong><\/p>\n<p>Al utilizar nuestro sitio, usted acepta nuestra pol\u00edtica de privacidad en l\u00ednea.<\/p>\n<p><strong>Pol\u00edtica de privacidad en l\u00ednea \u00fanicamente<\/strong><\/p>\n<p>Esta pol\u00edtica de privacidad en l\u00ednea se aplica \u00fanicamente a la informaci\u00f3n recopilada a trav\u00e9s de nuestro sitio web y no a la informaci\u00f3n recopilada fuera de l\u00ednea.<\/p>\n<p><strong>\u00bfQu\u00e9 informaci\u00f3n recopilamos?<\/strong><\/p>\n<p>Recopilamos informaci\u00f3n suya cuando realiza un pedido o completa un formulario. Al realizar un pedido o registrarse en nuestro sitio, seg\u00fan corresponda, es posible que se le solicite que ingrese su nombre, direcci\u00f3n de correo electr\u00f3nico o n\u00famero de tel\u00e9fono. Puedes; sin embargo, visite nuestro sitio de forma an\u00f3nima.<\/p>\n<p><strong>\u00bfPara qu\u00e9 utilizamos su informaci\u00f3n?<\/strong><\/p>\n<p>Cualquiera de la informaci\u00f3n que recopilamos de usted puede usarse de una de las siguientes maneras:<\/p>\n<p>Para personalizar su experiencia (su informaci\u00f3n nos ayuda a responder mejor a sus necesidades individuales)<br \/>\nPara mejorar nuestro sitio web (nos esforzamos continuamente por mejorar las ofertas de nuestro sitio web en funci\u00f3n de la informaci\u00f3n y los comentarios que recibimos de usted)<br \/>\nPara mejorar el servicio al cliente (su informaci\u00f3n nos ayuda a responder de manera m\u00e1s efectiva a sus solicitudes de servicio al cliente y necesidades de soporte)<br \/>\nPara procesar transacciones. Su informaci\u00f3n, ya sea p\u00fablica o privada, no ser\u00e1 vendida, intercambiada, transferida ni entregada a ninguna otra empresa por ning\u00fan motivo, sin su consentimiento, excepto para el prop\u00f3sito expreso de entregar el producto adquirido o el servicio solicitado.<\/p>\n<p><strong>\u00bfC\u00f3mo protegemos tu informaci\u00f3n?<\/strong><\/p>\n<p>Implementamos una variedad de medidas de seguridad para mantener la seguridad de su informaci\u00f3n personal cuando ingresa, env\u00eda o accede a su informaci\u00f3n personal. Ofrecemos el uso de un servidor seguro. Toda la informaci\u00f3n confidencial\/cr\u00e9dito proporcionada se transmite a trav\u00e9s de la tecnolog\u00eda Secure Socket Layer (SSL) y luego se cifra en nuestra base de datos de proveedores de pasarela de pago solo para que puedan acceder a ella aquellos autorizados con derechos especiales de acceso a dichos sistemas, y est\u00e1n obligados a mantener la informaci\u00f3n confidencial. Despu\u00e9s de una transacci\u00f3n, su informaci\u00f3n privada (tarjetas de cr\u00e9dito, n\u00fameros de seguro social, finanzas, etc.) no se almacenar\u00e1 en nuestros servidores.<\/p>\n<p><strong>\u00bfUtilizamos cookies?<\/strong><\/p>\n<p>S\u00ed, las cookies son peque\u00f1os archivos que un sitio o su proveedor de servicios transfiere al disco duro de su computadora a trav\u00e9s de su navegador web (si lo permite) y que permiten que los sistemas del sitio o del proveedor de servicios reconozcan su navegador y capturen y recuerden cierta informaci\u00f3n. Utilizamos cookies para realizar un seguimiento de los anuncios y recopilar datos agregados sobre el tr\u00e1fico del sitio y la interacci\u00f3n del sitio para que podamos ofrecer mejores experiencias y herramientas del sitio en el futuro. Podemos contratar proveedores de servicios externos para que nos ayuden a comprender mejor a los visitantes de nuestro sitio. Estos proveedores de servicios no tienen permitido utilizar la informaci\u00f3n recopilada en nuestro nombre excepto para ayudarnos a realizar y mejorar nuestro negocio. Si lo prefiere, puede elegir que su computadora le avise cada vez que se env\u00eda una cookie, o puede optar por desactivar todas las cookies a trav\u00e9s de la configuraci\u00f3n de su navegador. Como la mayor\u00eda de los sitios web, si desactiva las cookies, es posible que algunos de nuestros servicios no funcionen correctamente. Sin embargo, a\u00fan puede realizar pedidos por tel\u00e9fono.<\/p>\n<p><strong>\u00bfRevelamos alguna informaci\u00f3n a partes externas?<\/strong><\/p>\n<p>No vendemos, comercializamos ni transferimos de otro modo a terceros su informaci\u00f3n de identificaci\u00f3n personal. Esto no incluye a los terceros de confianza que nos ayudan a operar nuestro sitio web, realizar nuestro negocio o brindarle servicios, siempre que dichas partes acepten mantener esta informaci\u00f3n confidencial. Tambi\u00e9n podemos divulgar su informaci\u00f3n cuando creamos que la divulgaci\u00f3n es apropiada para cumplir con la ley, hacer cumplir las pol\u00edticas de nuestro sitio o proteger nuestros derechos, propiedad o seguridad o los de otros. Sin embargo, se puede proporcionar informaci\u00f3n de visitantes que no identifica personalmente a otras partes para fines de marketing, publicidad u otros usos.<\/p>\n<p><strong>Enlaces de terceros<\/strong><\/p>\n<p>Ocasionalmente, a nuestra discreci\u00f3n, podemos incluir u ofrecer productos o servicios de terceros en nuestro sitio web. Estos sitios de terceros tienen pol\u00edticas de privacidad separadas e independientes. Por lo tanto, no tenemos ninguna responsabilidad por el contenido y las actividades de estos sitios vinculados. No obstante, buscamos proteger la integridad de nuestro sitio y agradecemos cualquier comentario sobre estos sitios.<\/p>\n<p>Cumplimiento de la Ley de Protecci\u00f3n de la Privacidad en L\u00ednea de Guadalajara, Jalisco, M\u00e9xico\u00a0 (aplicable a M\u00e9xico)<\/p>\n<p>Debido a que valoramos su privacidad, hemos tomado las precauciones necesarias para cumplir con la Ley de Protecci\u00f3n de la Privacidad en L\u00ednea de California. Por lo tanto, no distribuiremos su informaci\u00f3n personal a terceros sin su consentimiento.<\/p>\n<p>Cumplimiento de la Ley de Protecci\u00f3n de la Privacidad Infantil en L\u00ednea<\/p>\n<p>Cumplimos con los requisitos de COPPA (Ley de Protecci\u00f3n de la Privacidad Infantil en L\u00ednea), no recopilamos ninguna informaci\u00f3n de ninguna persona menor de 15 a\u00f1os. Nuestro sitio web, productos y servicios est\u00e1n dirigidos a personas que tienen al menos 15 a\u00f1os o m\u00e1s.<\/p>\n<p><strong><em>T\u00e9rminos y condiciones<\/em><\/strong><\/p>\n<p>Visite tambi\u00e9n nuestra secci\u00f3n T\u00e9rminos y condiciones que establece el uso, las exenciones de responsabilidad y las limitaciones de responsabilidad que rigen el uso de nuestro sitio web.<\/p>\n<p>&nbsp;<\/p>\n<div class=\"row\">\n<div class=\"col-12 mb-30\">\n<div class=\"elementor-column elementor-col-50 elementor-inner-column elementor-element elementor-element-297ad2df\" data-id=\"297ad2df\" data-element_type=\"column\">\n<div class=\"elementor-widget-wrap elementor-element-populated\">\n<div class=\"elementor-element elementor-element-4a38661d elementor-widget elementor-widget-heading\" data-id=\"4a38661d\" data-element_type=\"widget\" data-widget_type=\"heading.default\">\n<div class=\"elementor-widget-container\">\n<p class=\"elementor-heading-title elementor-size-default\">\n<\/div>\n<\/div>\n<\/div>\n<\/div>\n<\/div>\n<\/div>\n","protected":false},"excerpt":{"rendered":"<p>SU PRIVACIDAD ES IMPORTANTE PARA NOSOTROS Tu consentimiento Al utilizar nuestro sitio, usted acepta nuestra pol\u00edtica de privacidad en l\u00ednea. Pol\u00edtica de privacidad en l\u00ednea \u00fanicamente Esta pol\u00edtica de privacidad en l\u00ednea se aplica \u00fanicamente a la informaci\u00f3n recopilada a trav\u00e9s de nuestro sitio web y no a la informaci\u00f3n recopilada fuera de l\u00ednea. \u00bfQu\u00e9 [&hellip;]<\/p>\n","protected":false},"author":1,"featured_media":0,"parent":0,"menu_order":0,"comment_status":"closed","ping_status":"closed","template":"","meta":{"_acf_changed":false,"footnotes":""},"class_list":["post-4998","page","type-page","status-publish","hentry"],"acf":[],"_links":{"self":[{"href":"https:\/\/drarenasplasticsurgery.com\/es\/wp-json\/wp\/v2\/pages\/4998","targetHints":{"allow":["GET"]}}],"collection":[{"href":"https:\/\/drarenasplasticsurgery.com\/es\/wp-json\/wp\/v2\/pages"}],"about":[{"href":"https:\/\/drarenasplasticsurgery.com\/es\/wp-json\/wp\/v2\/types\/page"}],"author":[{"embeddable":true,"href":"https:\/\/drarenasplasticsurgery.com\/es\/wp-json\/wp\/v2\/users\/1"}],"replies":[{"embeddable":true,"href":"https:\/\/drarenasplasticsurgery.com\/es\/wp-json\/wp\/v2\/comments?post=4998"}],"version-history":[{"count":2,"href":"https:\/\/drarenasplasticsurgery.com\/es\/wp-json\/wp\/v2\/pages\/4998\/revisions"}],"predecessor-version":[{"id":5040,"href":"https:\/\/drarenasplasticsurgery.com\/es\/wp-json\/wp\/v2\/pages\/4998\/revisions\/5040"}],"wp:attachment":[{"href":"https:\/\/drarenasplasticsurgery.com\/es\/wp-json\/wp\/v2\/media?parent=4998"}],"curies":[{"name":"wp","href":"https:\/\/api.w.org\/{rel}","templated":true}]}}