{"id":5031,"date":"2024-01-11T20:07:34","date_gmt":"2024-01-12T02:07:34","guid":{"rendered":"https:\/\/drarenasplasticsurgery.com\/?page_id=5031"},"modified":"2024-01-11T20:07:34","modified_gmt":"2024-01-12T02:07:34","slug":"terminos-condiciones","status":"publish","type":"page","link":"https:\/\/drarenasplasticsurgery.com\/es\/terminos-condiciones\/","title":{"rendered":"T\u00c9RMINOS Y CONDICIONES DEL SITIO WEB"},"content":{"rendered":"<div class=\"lRu31\" dir=\"ltr\">\n<h3>T\u00c9RMINOS Y CONDICIONES DEL SITIO WEB<\/h3>\n<p><strong>Aceptaci\u00f3n de los t\u00e9rminos<\/strong><\/p>\n<p>Este Acuerdo contiene los t\u00e9rminos y condiciones completos que se aplican a su participaci\u00f3n en nuestro sitio. Si desea utilizar el sitio, incluidas sus herramientas y servicios, lea atentamente estos t\u00e9rminos de uso. Al acceder a este sitio o utilizar cualquier parte del sitio o cualquier contenido o servicio del mismo, usted acepta quedar sujeto a estos t\u00e9rminos y condiciones. Si no est\u00e1 de acuerdo con todos los t\u00e9rminos y condiciones, no podr\u00e1 acceder al sitio ni utilizar el contenido ni los servicios del sitio.<\/p>\n<p><strong>Modificaciones de T\u00e9rminos de Uso<\/strong><\/p>\n<p>Podemos realizar y aplicar modificaciones a este acuerdo de vez en cuando sin previo aviso espec\u00edfico por su parte. El acuerdo publicado en el Sitio refleja el acuerdo m\u00e1s reciente y usted debe revisarlo cuidadosamente antes de utilizar nuestro sitio.<\/p>\n<p><strong>Uso del sitio<\/strong><\/p>\n<p>El Sitio le permite publicar ofertas, vender, anunciar, pujar y comprar en l\u00ednea. Sin embargo, tiene prohibido realizar los siguientes actos, con: (a) utilizar nuestros sitios, incluidos sus servicios o herramientas, si no puede celebrar contratos legalmente vinculantes, es menor de 18 a\u00f1os o est\u00e1 temporal o indefinidamente suspendido del uso de nuestros sitios, servicios o herramientas (b) publicaci\u00f3n de art\u00edculos en categor\u00edas o \u00e1reas inapropiadas en nuestros sitios y servicios; (c) recopilar informaci\u00f3n sobre la informaci\u00f3n personal de los usuarios; (d) manipular el precio de cualquier art\u00edculo o interferir con los listados de otros usuarios; (f) publicar contenido falso, inexacto, enga\u00f1oso, difamatorio o calumnioso; (g) tomar cualquier acci\u00f3n que pueda da\u00f1ar el sistema de calificaci\u00f3n.<\/p>\n<p><strong>Informaci\u00f3n de Registro<\/strong><\/p>\n<p>Los formularios de contacto son los unicos registros en este sitio, debe proporcionar su nombre legal completo, direcci\u00f3n actual, una direcci\u00f3n de correo electr\u00f3nico v\u00e1lida, nombre de miembro y cualquier otra informaci\u00f3n necesaria para completar el proceso de registro. Debe calificar como mayor de 18 a\u00f1os y debe ser responsable de mantener segura su contrase\u00f1a y ser responsable de todas las actividades y contenidos que se cargan en su cuenta. No debe transmitir ning\u00fan gusano, virus ni ning\u00fan c\u00f3digo de naturaleza destructiva. Cualquier informaci\u00f3n proporcionada por usted o recopilada por el sitio o terceros durante cualquier visita al sitio estar\u00e1 sujeta a los t\u00e9rminos de la Pol\u00edtica de Privacidad de Cirug\u00eda Pl\u00e1stica del Dr. Rafael Arenas.<\/p>\n<p><strong>T\u00e9rmino<\/strong><\/p>\n<p>Este Acuerdo permanecer\u00e1 en pleno vigor y efecto mientras utilice el sitio web. Puede cancelar su membres\u00eda en cualquier momento y por cualquier motivo siguiendo las instrucciones en \u00abTERMINACI\u00d3N DE LA CUENTA\u00bb en la p\u00e1gina de configuraci\u00f3n. Podemos cancelar su membres\u00eda por cualquier motivo en cualquier momento. Si est\u00e1 utilizando una versi\u00f3n paga del Servicio y cancelamos su membres\u00eda en el Servicio porque ha incumplido este Acuerdo, no tendr\u00e1 derecho a ning\u00fan reembolso de las tarifas de suscripci\u00f3n no utilizadas. Incluso despu\u00e9s de que se cancele su membres\u00eda, ciertas secciones de este Acuerdo seguir\u00e1n vigentes.<\/p>\n<p><strong>Uso no comercial<\/strong><\/p>\n<p>Los miembros de este sitio web de redes sociales tienen prohibido utilizar los servicios del sitio web en relaci\u00f3n con cualquier esfuerzo o empresa comercial. Esto incluye proporcionar enlaces a otros sitios web, ya sea que se consideren competitivos con este sitio web o no. Las personas jur\u00eddicas o entidades, incluidas, entre otras, organizaciones, empresas y\/o negocios, no pueden convertirse en Miembros de Dr. Rafael Arenas Platic Surgery y no deben utilizar el sitio para ning\u00fan prop\u00f3sito. Este sitio web no ofrece ningun servicio que se pueda contratar online. todos los servicios deben primeramente ser contactados al Dr. Rafael Arenas Quintana.<\/p>\n<p><strong>Enlaces y marcos<\/strong><\/p>\n<p>Se investigar\u00e1n los usos ilegales y\/o no autorizados de los Servicios, incluida la creaci\u00f3n de marcos o enlaces no autorizados a los Sitios, y se podr\u00e1n tomar las acciones legales apropiadas. Sin embargo, algunos enlaces son bienvenidos al sitio y se le permite establecer un hiperv\u00ednculo a la parte correspondiente dentro del sitio siempre que: (i) publique su enlace s\u00f3lo dentro de la secci\u00f3n del foro, chat o tablero de mensajes; (ii) no elimina ni oculta ning\u00fan anuncio, aviso de derechos de autor u otros avisos en el sitio; (iii) el enlace no indica ni implica ning\u00fan patrocinio o respaldo de su sitio y (iv) usted deja de proporcionar inmediatamente cualquier enlace al sitio mediante notificaci\u00f3n por escrito de nuestra parte. Sin embargo, debe verificar el aviso de derechos de autor en la p\u00e1gina de inicio a la que desea vincular para asegurarse de que uno de nuestros proveedores de contenido no tenga sus propias pol\u00edticas con respecto a los enlaces directos a su contenido en nuestros sitios.<\/p>\n<p><strong>Renuncia a la garant\u00eda; Limitaci\u00f3n de responsabilidad<\/strong><\/p>\n<p>No ofrecemos garant\u00edas ni representaciones expresas o impl\u00edcitas con respecto al Programa o cualquier producto vendido a trav\u00e9s del Programa (incluidas, entre otras, garant\u00edas de idoneidad, comerciabilidad, no infracci\u00f3n o cualquier garant\u00eda impl\u00edcita que surja de un curso de desempe\u00f1o, trato , o uso comercial). Adem\u00e1s, no garantizamos que el funcionamiento de nuestro sitio sea ininterrumpido o est\u00e9 libre de errores, y no seremos responsables de las consecuencias de cualquier interrupci\u00f3n o error. Podemos cambiar, restringir el acceso, suspender o discontinuar el sitio o cualquier parte del mismo en cualquier momento. La informaci\u00f3n, el contenido y los servicios del sitio se proporcionan de manera informativa, se requiere la generaci\u00f3n de una cita m\u00e9dica de valoraci\u00f3n sea presencial o virtual con el Dr. Rafael Arenas Quintana.<\/p>\n<\/div>\n","protected":false},"excerpt":{"rendered":"<p>T\u00c9RMINOS Y CONDICIONES DEL SITIO WEB Aceptaci\u00f3n de los t\u00e9rminos Este Acuerdo contiene los t\u00e9rminos y condiciones completos que se aplican a su participaci\u00f3n en nuestro sitio. Si desea utilizar el sitio, incluidas sus herramientas y servicios, lea atentamente estos t\u00e9rminos de uso. Al acceder a este sitio o utilizar cualquier parte del sitio o [&hellip;]<\/p>\n","protected":false},"author":1,"featured_media":0,"parent":0,"menu_order":0,"comment_status":"closed","ping_status":"closed","template":"","meta":{"_acf_changed":false,"footnotes":""},"class_list":["post-5031","page","type-page","status-publish","hentry"],"acf":[],"_links":{"self":[{"href":"https:\/\/drarenasplasticsurgery.com\/es\/wp-json\/wp\/v2\/pages\/5031","targetHints":{"allow":["GET"]}}],"collection":[{"href":"https:\/\/drarenasplasticsurgery.com\/es\/wp-json\/wp\/v2\/pages"}],"about":[{"href":"https:\/\/drarenasplasticsurgery.com\/es\/wp-json\/wp\/v2\/types\/page"}],"author":[{"embeddable":true,"href":"https:\/\/drarenasplasticsurgery.com\/es\/wp-json\/wp\/v2\/users\/1"}],"replies":[{"embeddable":true,"href":"https:\/\/drarenasplasticsurgery.com\/es\/wp-json\/wp\/v2\/comments?post=5031"}],"version-history":[{"count":1,"href":"https:\/\/drarenasplasticsurgery.com\/es\/wp-json\/wp\/v2\/pages\/5031\/revisions"}],"predecessor-version":[{"id":5034,"href":"https:\/\/drarenasplasticsurgery.com\/es\/wp-json\/wp\/v2\/pages\/5031\/revisions\/5034"}],"wp:attachment":[{"href":"https:\/\/drarenasplasticsurgery.com\/es\/wp-json\/wp\/v2\/media?parent=5031"}],"curies":[{"name":"wp","href":"https:\/\/api.w.org\/{rel}","templated":true}]}}